{"id":1111,"date":"2015-09-17T10:55:36","date_gmt":"2015-09-17T08:55:36","guid":{"rendered":"http:\/\/simonet.cz\/pro\/matstat\/?page_id=1111"},"modified":"2023-01-07T19:22:44","modified_gmt":"2023-01-07T18:22:44","slug":"doucovani","status":"publish","type":"page","link":"https:\/\/matstat.eu\/en\/","title":{"rendered":"MATSTAT \u2013 Mathematical and Statistical Analyses, Software, Training"},"content":{"rendered":"<p><img loading=\"lazy\" decoding=\"async\" class=\"alignright wp-image-1197\" src=\"http:\/\/matstat.eu\/wp-content\/uploads\/2015\/09\/4.jpg\" alt=\"4\" width=\"464\" height=\"309\" srcset=\"https:\/\/matstat.eu\/wp-content\/uploads\/2015\/09\/4.jpg 638w, https:\/\/matstat.eu\/wp-content\/uploads\/2015\/09\/4-300x199.jpg 300w, https:\/\/matstat.eu\/wp-content\/uploads\/2015\/09\/4-375x250.jpg 375w, https:\/\/matstat.eu\/wp-content\/uploads\/2015\/09\/4-233x156.jpg 233w, https:\/\/matstat.eu\/wp-content\/uploads\/2015\/09\/4-380x252.jpg 380w\" sizes=\"(max-width: 464px) 100vw, 464px\" \/>MATSTAT s.r.o. concentrates on the use of mathematical and statistical methods in practical life. We seek to find a bridge between the complicated background of the sciences and their practical use. We proceed from the fact that the client does not need to know the mathematical and statistical substance of our solutions in detail, but needs to effectively and promptly put our results in practice.<\/p>\n<h2>Principal Areas of Our Work<\/h2>\n<div class=\"guidepost\">\n<h3><a href=\"http:\/\/www.matstat.eu\/statistika-a-zpracovani-dat\/\">Statistics and Data Processing<\/a><\/h3>\n<p>We process data of commercial firms, hospitals, pharmaceutical companies as well as the government sphere.<\/p>\n<h3><a href=\"http:\/\/www.matstat.eu\/matematicke-modely-a-optimalizace\/\">Mathematical Models and Optimisation<\/a><\/h3>\n<p>We solve practical issues in your company you did not expect to be soluble.<\/p>\n<h3><a href=\"http:\/\/www.matstat.eu\/klinicke-studie-a-granty\/\">Clinical Studies and Grants<\/a><\/h3>\n<p>We often find things in clinical studies or grants that remained hidden to the eye of the doctor.<\/p>\n<h3><a href=\"http:\/\/www.matstat.eu\/data-mining\/\">Data Mining<\/a><\/h3>\n<p>We mine interesting but up to this point unknown information from your data.<\/p>\n<h3><a href=\"http:\/\/www.matstat.eu\/skoleni-statistiky\/\">Training in Statistics<\/a><\/h3>\n<p>We will share our statistical experience we apply in our work with you.<\/p>\n<\/div>\n<p>&nbsp;<\/p>\n<p class=\"bold\"><strong>We will be happy to meet with you to discuss the possibilities of solving your problems and to take care of other interesting projects.<\/strong><\/p>\n<p>&nbsp;<\/p>\n","protected":false},"excerpt":{"rendered":"<p>MATSTAT s.r.o. concentrates on the use of mathematical and statistical methods in practical life. We seek to find a bridge between the complicated background of the sciences and their practical use. We proceed from the fact that the client does not need to know the mathematical and statistical substance of our solutions in detail, but&#8230;<\/p>\n","protected":false},"author":1,"featured_media":0,"parent":0,"menu_order":0,"comment_status":"closed","ping_status":"closed","template":"","meta":{"footnotes":""},"translation":{"provider":"WPGlobus","version":"2.12.2","language":"en","enabled_languages":["cz","en"],"languages":{"cz":{"title":true,"content":true,"excerpt":false},"en":{"title":true,"content":true,"excerpt":false}}},"yoast_head":"<!-- This site is optimized with the Yoast SEO plugin v21.7 - https:\/\/yoast.com\/wordpress\/plugins\/seo\/ -->\n<title>MATSTAT \u2013 Mathematical and Statistical Analyses, Software, Training - MATSTAT - Matematick\u00e9 a Statistick\u00e9 Anal\u00fdzy, Software, \u0160kolen\u00ed<\/title>\n<meta name=\"robots\" content=\"index, follow, max-snippet:-1, max-image-preview:large, max-video-preview:-1\" \/>\n<link rel=\"canonical\" href=\"https:\/\/matstat.eu\/\" \/>\n<meta property=\"og:locale\" content=\"en_US\" \/>\n<meta property=\"og:type\" content=\"article\" \/>\n<meta property=\"og:title\" content=\"MATSTAT \u2013 Mathematical and Statistical Analyses, Software, Training - MATSTAT - Matematick\u00e9 a Statistick\u00e9 Anal\u00fdzy, Software, \u0160kolen\u00ed\" \/>\n<meta property=\"og:url\" content=\"https:\/\/matstat.eu\/\" \/>\n<meta property=\"og:site_name\" content=\"MATSTAT - Matematick\u00e9 a Statistick\u00e9 Anal\u00fdzy, Software, \u0160kolen\u00ed\" \/>\n<meta property=\"article:modified_time\" content=\"2023-01-07T18:22:44+00:00\" \/>\n<meta property=\"og:image\" content=\"http:\/\/matstat.eu\/wp-content\/uploads\/2015\/09\/4.jpg\" \/>\n<meta name=\"twitter:label1\" content=\"Est. reading time\" \/>\n\t<meta name=\"twitter:data1\" content=\"2 minutes\" \/>\n<script type=\"application\/ld+json\" class=\"yoast-schema-graph\">{\"@context\":\"https:\/\/schema.org\",\"@graph\":[{\"@type\":\"WebPage\",\"@id\":\"https:\/\/matstat.eu\/\",\"url\":\"https:\/\/matstat.eu\/\",\"name\":\"MATSTAT \u2013 Mathematical and Statistical Analyses, Software, Training - MATSTAT - Matematick\u00e9 a Statistick\u00e9 Anal\u00fdzy, Software, \u0160kolen\u00ed\",\"isPartOf\":{\"@id\":\"https:\/\/matstat.eu\/#website\"},\"datePublished\":\"2015-09-17T08:55:36+00:00\",\"dateModified\":\"2023-01-07T18:22:44+00:00\",\"description\":\"Statistika a zpracov\u00e1n\u00ed dat\",\"breadcrumb\":{\"@id\":\"https:\/\/matstat.eu\/#breadcrumb\"},\"inLanguage\":\"en-US\",\"potentialAction\":[{\"@type\":\"ReadAction\",\"target\":[\"https:\/\/matstat.eu\/\"]}]},{\"@type\":\"BreadcrumbList\",\"@id\":\"https:\/\/matstat.eu\/#breadcrumb\",\"itemListElement\":[{\"@type\":\"ListItem\",\"position\":1,\"name\":\"Home\",\"item\":\"https:\/\/matstat.eu\/\"},{\"@type\":\"ListItem\",\"position\":2,\"name\":\"MATSTAT &#8211; matematick\u00e9 a statistick\u00e9 anal\u00fdzy, software, \u0161kolen\u00ed\"}]},{\"@type\":\"WebSite\",\"@id\":\"https:\/\/matstat.eu\/#website\",\"url\":\"https:\/\/matstat.eu\/\",\"name\":\"MATSTAT - Matematick\u00e9 a Statistick\u00e9 Anal\u00fdzy, Software, \u0160kolen\u00ed\",\"description\":\"MATSTAT s.r.o. se orientuje na vyu\u017eit\u00ed matematick\u00fdch a statistick\u00fdch metod v praktick\u00e9m \u017eivot\u011b.\",\"potentialAction\":[{\"@type\":\"SearchAction\",\"target\":{\"@type\":\"EntryPoint\",\"urlTemplate\":\"https:\/\/matstat.eu\/?s={search_term_string}\"},\"query-input\":\"required name=search_term_string\"}],\"inLanguage\":\"en-US\"}]}<\/script>\n<!-- \/ Yoast SEO plugin. -->","yoast_head_json":{"title":"MATSTAT \u2013 Mathematical and Statistical Analyses, Software, Training - MATSTAT - Matematick\u00e9 a Statistick\u00e9 Anal\u00fdzy, Software, \u0160kolen\u00ed","robots":{"index":"index","follow":"follow","max-snippet":"max-snippet:-1","max-image-preview":"max-image-preview:large","max-video-preview":"max-video-preview:-1"},"canonical":"https:\/\/matstat.eu\/","og_locale":"en_US","og_type":"article","og_title":"MATSTAT \u2013 Mathematical and Statistical Analyses, Software, Training - MATSTAT - Matematick\u00e9 a Statistick\u00e9 Anal\u00fdzy, Software, \u0160kolen\u00ed","og_url":"https:\/\/matstat.eu\/","og_site_name":"MATSTAT - Matematick\u00e9 a Statistick\u00e9 Anal\u00fdzy, Software, \u0160kolen\u00ed","article_modified_time":"2023-01-07T18:22:44+00:00","og_image":[{"url":"http:\/\/matstat.eu\/wp-content\/uploads\/2015\/09\/4.jpg"}],"twitter_misc":{"Est. reading time":"2 minutes"},"schema":{"@context":"https:\/\/schema.org","@graph":[{"@type":"WebPage","@id":"https:\/\/matstat.eu\/","url":"https:\/\/matstat.eu\/","name":"MATSTAT \u2013 Mathematical and Statistical Analyses, Software, Training - MATSTAT - Matematick\u00e9 a Statistick\u00e9 Anal\u00fdzy, Software, \u0160kolen\u00ed","isPartOf":{"@id":"https:\/\/matstat.eu\/#website"},"datePublished":"2015-09-17T08:55:36+00:00","dateModified":"2023-01-07T18:22:44+00:00","description":"Statistika a zpracov\u00e1n\u00ed dat","breadcrumb":{"@id":"https:\/\/matstat.eu\/#breadcrumb"},"inLanguage":"en-US","potentialAction":[{"@type":"ReadAction","target":["https:\/\/matstat.eu\/"]}]},{"@type":"BreadcrumbList","@id":"https:\/\/matstat.eu\/#breadcrumb","itemListElement":[{"@type":"ListItem","position":1,"name":"Home","item":"https:\/\/matstat.eu\/"},{"@type":"ListItem","position":2,"name":"MATSTAT &#8211; matematick\u00e9 a statistick\u00e9 anal\u00fdzy, software, \u0161kolen\u00ed"}]},{"@type":"WebSite","@id":"https:\/\/matstat.eu\/#website","url":"https:\/\/matstat.eu\/","name":"MATSTAT - Matematick\u00e9 a Statistick\u00e9 Anal\u00fdzy, Software, \u0160kolen\u00ed","description":"MATSTAT s.r.o. se orientuje na vyu\u017eit\u00ed matematick\u00fdch a statistick\u00fdch metod v praktick\u00e9m \u017eivot\u011b.","potentialAction":[{"@type":"SearchAction","target":{"@type":"EntryPoint","urlTemplate":"https:\/\/matstat.eu\/?s={search_term_string}"},"query-input":"required name=search_term_string"}],"inLanguage":"en-US"}]}},"_links":{"self":[{"href":"https:\/\/matstat.eu\/en\/wp-json\/wp\/v2\/pages\/1111"}],"collection":[{"href":"https:\/\/matstat.eu\/en\/wp-json\/wp\/v2\/pages"}],"about":[{"href":"https:\/\/matstat.eu\/en\/wp-json\/wp\/v2\/types\/page"}],"author":[{"embeddable":true,"href":"https:\/\/matstat.eu\/en\/wp-json\/wp\/v2\/users\/1"}],"replies":[{"embeddable":true,"href":"https:\/\/matstat.eu\/en\/wp-json\/wp\/v2\/comments?post=1111"}],"version-history":[{"count":0,"href":"https:\/\/matstat.eu\/en\/wp-json\/wp\/v2\/pages\/1111\/revisions"}],"wp:attachment":[{"href":"https:\/\/matstat.eu\/en\/wp-json\/wp\/v2\/media?parent=1111"}],"curies":[{"name":"wp","href":"https:\/\/api.w.org\/{rel}","templated":true}]}}