{"id":1130,"date":"2015-09-17T12:03:08","date_gmt":"2015-09-17T10:03:08","guid":{"rendered":"http:\/\/simonet.cz\/pro\/matstat\/?page_id=1130"},"modified":"2025-01-27T08:03:13","modified_gmt":"2025-01-27T07:03:13","slug":"kontakt","status":"publish","type":"page","link":"https:\/\/matstat.eu\/en\/kontakt\/","title":{"rendered":"Contact"},"content":{"rendered":"<table class=\"colored\" width=\"100%\">\n<tbody>\n<tr>\n<td colspan=\"2\"><iframe src=\"https:\/\/www.google.com\/maps\/embed?pb=!1m18!1m12!1m3!1d3065.5040437205644!2d14.453951076832187!3d50.05231331595017!2m3!1f0!2f0!3f0!3m2!1i1024!2i768!4f13.1!3m3!1m2!1s0x470b9391d0c3a03d%3A0x68acc0a6d590334d!2s24%2C%20Ohradn%C3%AD%201443%2F24B%2C%20140%2000%20Praha%204-Michle!5e1!3m2!1scs!2scz!4v1737960633951!5m2!1scs!2scz\" width=\"100%\" height=\"450\" style=\"border:0;\" allowfullscreen=\"\" loading=\"lazy\" referrerpolicy=\"no-referrer-when-downgrade\"><\/iframe><\/td>\n<\/tr>\n<tr>\n<td>Telephone:<\/td>\n<td>+420 777\u00a0624\u00a0456<\/td>\n<\/tr>\n<tr>\n<td>E-mail:<\/td>\n<td><a href=\"mailto:mat.stat@seznam.cz\">mat.stat@seznam.cz<\/a><\/td>\n<\/tr>\n<tr>\n<td>Web:<\/td>\n<td><a href=\"http:\/\/www.matstat.eu\/\">www.matstat.eu<\/a><\/td>\n<\/tr>\n<tr>\n<td>Address:<\/td>\n<td>Ohradn\u00ed 1443\/24 b, Praha 4, 140 00<\/td>\n<\/tr>\n<tr>\n<td>Company ID:<\/td>\n<td>24198692<\/td>\n<\/tr>\n<tr>\n<td>Tax ID:<\/td>\n<td>CZ 24198692<\/td>\n<\/tr>\n<tr>\n<td>Bank Connection:<\/td>\n<td>Raiffeisenbank a.s., \u010d\u00edslo \u00fa\u010dtu: 6791433001\/5500<\/td>\n<\/tr>\n<\/tbody>\n<\/table>\n<h2>People in MATSTAT<\/h2>\n<table class=\"contacts\">\n<tbody>\n<tr>\n<td class=\"photo\"><img decoding=\"async\" src=\"http:\/\/www.matstat.eu\/pics\/people\/1.jpg\" alt=\"\" \/><\/td>\n<td>\n<table style=\"display: inline;\">\n<tbody>\n<tr>\n<td>RNDr. Marian Ryb\u00e1\u0159, MHA<\/td>\n<\/tr>\n<tr>\n<td>Executive, Customer Communication<\/td>\n<\/tr>\n<tr>\n<td>Tel: 777\u00a0624\u00a0456, e-mail: <a href=\"mailto:mat.stat@seznam.cz\">mat.stat@seznam.cz<\/a><\/td>\n<\/tr>\n<\/tbody>\n<\/table>\n<\/td>\n<td><\/td>\n<td>\n<table style=\"display: inline;\">\n<tbody>\n<tr>\n<td>doc. RNDr. Ing. Milo\u0161 Kopa, Ph.D<\/td>\n<\/tr>\n<tr>\n<td>ekonometrie, p\u0159edpov\u011bdn\u00ed modely a<\/td>\n<\/tr>\n<tr>\n<td>optimalizace<\/td>\n<\/tr>\n<\/tbody>\n<\/table>\n<\/td>\n<\/tr>\n<tr>\n<td class=\"photo\"><img decoding=\"async\" src=\"http:\/\/www.matstat.eu\/pics\/people\/4.jpg\" alt=\"\" \/><\/td>\n<td>\n<table style=\"display: inline;\">\n<tbody>\n<tr>\n<td>doc. RNDr. Arno\u0161t Kom\u00e1rek, Ph.D.<\/td>\n<\/tr>\n<tr>\n<td>Biostatistics, Statistical Analyses,<\/td>\n<\/tr>\n<tr>\n<td>Programming<\/td>\n<\/tr>\n<\/tbody>\n<\/table>\n<\/td>\n<td>\u00a0<img decoding=\"async\" src=\"http:\/\/www.matstat.eu\/pics\/people\/5.jpg\" alt=\"\" \/><\/td>\n<td>\n<table style=\"display: inline;\">\n<tbody>\n<tr>\n<td>RNDr. Hana Kol\u00e1\u0159ov\u00e1, Ph.D.<\/td>\n<\/tr>\n<tr>\n<td>Statistical Analyses, Data Processing,<\/td>\n<\/tr>\n<tr>\n<td>Training<\/td>\n<\/tr>\n<\/tbody>\n<\/table>\n<\/td>\n<\/tr>\n<\/tbody>\n<\/table>\n<h2>Write to Us<\/h2>\n  <link rel=\"stylesheet\" type=\"text\/css\" href=\"https:\/\/matstat.eu\/en\/wp-content\/plugins\/contactcontrol\/css\/style.css\" media=\"all\">\r\n  <link rel=\"stylesheet\" href=\"\/\/code.jquery.com\/ui\/1.11.1\/themes\/smoothness\/jquery-ui.css\">\r\n  <script src=\"\/\/code.jquery.com\/jquery-1.10.2.js\"><\/script>\r\n  <script src=\"\/\/code.jquery.com\/ui\/1.11.1\/jquery-ui.js\"><\/script>\r\n  \r\n  <script type=\"text\/javascript\">\r\n  var site_url = 'https:\/\/matstat.eu\/en';\r\n  var userLang = navigator.language || navigator.userLanguage;\r\n  var s = document.createElement(\"script\");\r\n      s.type = \"text\/javascript\";\r\n      s.src = site_url+\"\/wp-content\/plugins\/contactcontrol\/js\/ui\/i18n\/ui.datepicker-\"+userLang+\".js\";\r\n      $(\"head\").append(s);\r\n\r\n       \r\n      $(function() {\r\n         $.datepicker.setDefaults($.extend({showMonthAfterYear: true}, $.datepicker.regional['']));\r\n\t       $(\".datepick\").datepicker($.datepicker.regional[userLang]);\r\n\t       $('.datepick').each(function(){\r\n            $.datepicker.regional[$(this).val()];\r\n         }); \r\n      });\r\n  <\/script>\r\n    \r\n  <form id='newslideform' action='#' method='POST''><input type='text' value='2' name='id' class='hideslide'><table class='formcontact'><tbody><tr><td>\r\n              <label>Name (Vy\u017eadov\u00e1no)<\/label>\r\n              <\/td><\/tr><tr><td><input type='text' value='' name='5'><\/td><\/tr><tr><td>\r\n              <label>Email (Vy\u017eadov\u00e1no)<\/label>\r\n              <\/td><\/tr><tr><td><input type='text' value='' name='6'><\/td><\/tr><tr><td>\r\n              <label>Subject (Vy\u017eadov\u00e1no)<\/label>\r\n              <\/td><\/tr><tr><td><input type='text' value='' name='7'><\/td><\/tr><tr><td>\r\n              <label>Text<\/label>\r\n              <\/td><\/tr><tr><td><textarea name='8'><\/textarea><\/td><\/tr><tr><td>\r\n              <label>Code (Vy\u017eadov\u00e1no)<\/label>\r\n              <\/td><\/tr><tr><td>5+5=<input size='5' type='text' value='' name='9'><\/td><\/tr><tr><td><input class='button' name='odeslat' value='Odeslat' type='submit'><\/td><\/tr><\/tbody><\/table><\/form>                                \r\n                                                                                                             \r\n                    \r\n\r\n\r\n\n","protected":false},"excerpt":{"rendered":"<p>Telephone: +420 777\u00a0624\u00a0456 E-mail: mat.stat@seznam.cz Web: www.matstat.eu Address: Ohradn\u00ed 1443\/24 b, Praha 4, 140 00 Company ID: 24198692 Tax ID: CZ 24198692 Bank Connection: Raiffeisenbank a.s., \u010d\u00edslo \u00fa\u010dtu: 6791433001\/5500 People in MATSTAT RNDr. Marian Ryb\u00e1\u0159, MHA Executive, Customer Communication Tel: 777\u00a0624\u00a0456, e-mail: mat.stat@seznam.cz doc. RNDr. Ing. Milo\u0161 Kopa, Ph.D ekonometrie, p\u0159edpov\u011bdn\u00ed modely a optimalizace doc&#8230;.<\/p>\n","protected":false},"author":1,"featured_media":0,"parent":0,"menu_order":7,"comment_status":"closed","ping_status":"closed","template":"","meta":{"footnotes":""},"translation":{"provider":"WPGlobus","version":"2.12.2","language":"en","enabled_languages":["cz","en"],"languages":{"cz":{"title":true,"content":true,"excerpt":false},"en":{"title":true,"content":true,"excerpt":false}}},"yoast_head":"<!-- This site is optimized with the Yoast SEO plugin v21.7 - https:\/\/yoast.com\/wordpress\/plugins\/seo\/ -->\n<title>Contact - MATSTAT - Matematick\u00e9 a Statistick\u00e9 Anal\u00fdzy, Software, \u0160kolen\u00ed<\/title>\n<meta name=\"robots\" content=\"index, follow, max-snippet:-1, max-image-preview:large, max-video-preview:-1\" \/>\n<link rel=\"canonical\" href=\"https:\/\/matstat.eu\/kontakt\/\" \/>\n<meta property=\"og:locale\" content=\"en_US\" \/>\n<meta property=\"og:type\" content=\"article\" \/>\n<meta property=\"og:title\" content=\"Contact - MATSTAT - Matematick\u00e9 a Statistick\u00e9 Anal\u00fdzy, Software, \u0160kolen\u00ed\" \/>\n<meta property=\"og:url\" content=\"https:\/\/matstat.eu\/kontakt\/\" \/>\n<meta property=\"og:site_name\" content=\"MATSTAT - Matematick\u00e9 a Statistick\u00e9 Anal\u00fdzy, Software, \u0160kolen\u00ed\" \/>\n<meta property=\"article:modified_time\" content=\"2025-01-27T07:03:13+00:00\" \/>\n<meta property=\"og:image\" content=\"http:\/\/matstat.eu\/wp-content\/uploads\/2015\/09\/1-1.jpg\" \/>\n<meta name=\"twitter:label1\" content=\"Est. reading time\" \/>\n\t<meta name=\"twitter:data1\" content=\"3 minutes\" \/>\n<script type=\"application\/ld+json\" class=\"yoast-schema-graph\">{\"@context\":\"https:\/\/schema.org\",\"@graph\":[{\"@type\":\"WebPage\",\"@id\":\"https:\/\/matstat.eu\/kontakt\/\",\"url\":\"https:\/\/matstat.eu\/kontakt\/\",\"name\":\"Contact - MATSTAT - Matematick\u00e9 a Statistick\u00e9 Anal\u00fdzy, Software, \u0160kolen\u00ed\",\"isPartOf\":{\"@id\":\"https:\/\/matstat.eu\/#website\"},\"datePublished\":\"2015-09-17T10:03:08+00:00\",\"dateModified\":\"2025-01-27T07:03:13+00:00\",\"breadcrumb\":{\"@id\":\"https:\/\/matstat.eu\/kontakt\/#breadcrumb\"},\"inLanguage\":\"en-US\",\"potentialAction\":[{\"@type\":\"ReadAction\",\"target\":[\"https:\/\/matstat.eu\/kontakt\/\"]}]},{\"@type\":\"BreadcrumbList\",\"@id\":\"https:\/\/matstat.eu\/kontakt\/#breadcrumb\",\"itemListElement\":[{\"@type\":\"ListItem\",\"position\":1,\"name\":\"Home\",\"item\":\"https:\/\/matstat.eu\/\"},{\"@type\":\"ListItem\",\"position\":2,\"name\":\"Contact\"}]},{\"@type\":\"WebSite\",\"@id\":\"https:\/\/matstat.eu\/#website\",\"url\":\"https:\/\/matstat.eu\/\",\"name\":\"MATSTAT - Matematick\u00e9 a Statistick\u00e9 Anal\u00fdzy, Software, \u0160kolen\u00ed\",\"description\":\"MATSTAT s.r.o. se orientuje na vyu\u017eit\u00ed matematick\u00fdch a statistick\u00fdch metod v praktick\u00e9m \u017eivot\u011b.\",\"potentialAction\":[{\"@type\":\"SearchAction\",\"target\":{\"@type\":\"EntryPoint\",\"urlTemplate\":\"https:\/\/matstat.eu\/?s={search_term_string}\"},\"query-input\":\"required name=search_term_string\"}],\"inLanguage\":\"en-US\"}]}<\/script>\n<!-- \/ Yoast SEO plugin. -->","yoast_head_json":{"title":"Contact - MATSTAT - Matematick\u00e9 a Statistick\u00e9 Anal\u00fdzy, Software, \u0160kolen\u00ed","robots":{"index":"index","follow":"follow","max-snippet":"max-snippet:-1","max-image-preview":"max-image-preview:large","max-video-preview":"max-video-preview:-1"},"canonical":"https:\/\/matstat.eu\/kontakt\/","og_locale":"en_US","og_type":"article","og_title":"Contact - MATSTAT - Matematick\u00e9 a Statistick\u00e9 Anal\u00fdzy, Software, \u0160kolen\u00ed","og_url":"https:\/\/matstat.eu\/kontakt\/","og_site_name":"MATSTAT - Matematick\u00e9 a Statistick\u00e9 Anal\u00fdzy, Software, \u0160kolen\u00ed","article_modified_time":"2025-01-27T07:03:13+00:00","og_image":[{"url":"http:\/\/matstat.eu\/wp-content\/uploads\/2015\/09\/1-1.jpg"}],"twitter_misc":{"Est. reading time":"3 minutes"},"schema":{"@context":"https:\/\/schema.org","@graph":[{"@type":"WebPage","@id":"https:\/\/matstat.eu\/kontakt\/","url":"https:\/\/matstat.eu\/kontakt\/","name":"Contact - MATSTAT - Matematick\u00e9 a Statistick\u00e9 Anal\u00fdzy, Software, \u0160kolen\u00ed","isPartOf":{"@id":"https:\/\/matstat.eu\/#website"},"datePublished":"2015-09-17T10:03:08+00:00","dateModified":"2025-01-27T07:03:13+00:00","breadcrumb":{"@id":"https:\/\/matstat.eu\/kontakt\/#breadcrumb"},"inLanguage":"en-US","potentialAction":[{"@type":"ReadAction","target":["https:\/\/matstat.eu\/kontakt\/"]}]},{"@type":"BreadcrumbList","@id":"https:\/\/matstat.eu\/kontakt\/#breadcrumb","itemListElement":[{"@type":"ListItem","position":1,"name":"Home","item":"https:\/\/matstat.eu\/"},{"@type":"ListItem","position":2,"name":"Contact"}]},{"@type":"WebSite","@id":"https:\/\/matstat.eu\/#website","url":"https:\/\/matstat.eu\/","name":"MATSTAT - Matematick\u00e9 a Statistick\u00e9 Anal\u00fdzy, Software, \u0160kolen\u00ed","description":"MATSTAT s.r.o. se orientuje na vyu\u017eit\u00ed matematick\u00fdch a statistick\u00fdch metod v praktick\u00e9m \u017eivot\u011b.","potentialAction":[{"@type":"SearchAction","target":{"@type":"EntryPoint","urlTemplate":"https:\/\/matstat.eu\/?s={search_term_string}"},"query-input":"required name=search_term_string"}],"inLanguage":"en-US"}]}},"_links":{"self":[{"href":"https:\/\/matstat.eu\/en\/wp-json\/wp\/v2\/pages\/1130"}],"collection":[{"href":"https:\/\/matstat.eu\/en\/wp-json\/wp\/v2\/pages"}],"about":[{"href":"https:\/\/matstat.eu\/en\/wp-json\/wp\/v2\/types\/page"}],"author":[{"embeddable":true,"href":"https:\/\/matstat.eu\/en\/wp-json\/wp\/v2\/users\/1"}],"replies":[{"embeddable":true,"href":"https:\/\/matstat.eu\/en\/wp-json\/wp\/v2\/comments?post=1130"}],"version-history":[{"count":0,"href":"https:\/\/matstat.eu\/en\/wp-json\/wp\/v2\/pages\/1130\/revisions"}],"wp:attachment":[{"href":"https:\/\/matstat.eu\/en\/wp-json\/wp\/v2\/media?parent=1130"}],"curies":[{"name":"wp","href":"https:\/\/api.w.org\/{rel}","templated":true}]}}