{"id":1161,"date":"2015-09-22T15:07:53","date_gmt":"2015-09-22T13:07:53","guid":{"rendered":"http:\/\/matstat.eu\/?page_id=1161"},"modified":"2015-10-16T10:00:42","modified_gmt":"2015-10-16T08:00:42","slug":"statistika-a-zpracovani-dat","status":"publish","type":"page","link":"https:\/\/matstat.eu\/en\/statistika-a-zpracovani-dat\/","title":{"rendered":"Statistics and Data Processing"},"content":{"rendered":"<p><img loading=\"lazy\" decoding=\"async\" class=\"alignright size-full wp-image-1284\" src=\"http:\/\/matstat.eu\/wp-content\/uploads\/2015\/09\/sloder5.jpg\" alt=\"sloder5\" width=\"450\" height=\"400\" srcset=\"https:\/\/matstat.eu\/wp-content\/uploads\/2015\/09\/sloder5.jpg 450w, https:\/\/matstat.eu\/wp-content\/uploads\/2015\/09\/sloder5-300x267.jpg 300w\" sizes=\"(max-width: 450px) 100vw, 450px\" \/>The subject matter of data processing is to objectively and comprehensibly describe facts that conceal data. Quality statistical processing often uncovers secrets that are not visible in an initial superficial analysis. The need for professional statistical processing grows with the current fast development of specialized statistical software.<\/p>\n<ul>\n<li><strong>Statistics and data processing<\/strong> within commercial projects<\/li>\n<li><strong>Statistics and data processing<\/strong> within <strong>scientific and clinical studies<\/strong><\/li>\n<li><strong>Statistics and data processing<\/strong> within <strong>marketing studies<\/strong><\/li>\n<li>Statistical <strong>consultations for businesses<\/strong><\/li>\n<li><strong>Training in the ABCs of statistics and data mining<\/strong> in SPSS, Statistica, R, Statgraphics, Excel, NCSS<\/li>\n<li>Cooperation in proposing the <strong>correct methodology<\/strong> for statistical projects<\/li>\n<li>Good orientation <strong>in the field of biological and medical<\/strong> knowledge<\/li>\n<\/ul>\n<p><strong>Who are our services designed for?<\/strong> Pharmaceutical companies, hospitals and research institutes; Companies dealing with market research, media organisations, marketing and PR companies, government sphere and anyone who deals with data processing and statistics in their work.<\/p>\n<p><strong>What statistical methods do we use?<\/strong> Correlation analysis, regression analysis, contingency tables, analysis of variance (ANOVA), factor analysis, cluster analysis, correspondence analysis, time-series analysis, one-sample t-test, two-sample t-test, paired t-test, non-parametrical tests&#8230; and many other effective and interesting methods.<\/p>\n<p>&nbsp;<\/p>\n<p class=\"bold\"><strong>We will be happy to meet with you to discuss the possibilities of solving your problems and to take care of other interesting projects.<\/strong><\/p>\n<p>&nbsp;<\/p>\n<p>&nbsp;<\/p>\n<p>&nbsp;<\/p>\n","protected":false},"excerpt":{"rendered":"<p>The subject matter of data processing is to objectively and comprehensibly describe facts that conceal data. Quality statistical processing often uncovers secrets that are not visible in an initial superficial analysis. The need for professional statistical processing grows with the current fast development of specialized statistical software. Statistics and data processing within commercial projects Statistics&#8230;<\/p>\n","protected":false},"author":1,"featured_media":0,"parent":0,"menu_order":2,"comment_status":"closed","ping_status":"closed","template":"","meta":{"footnotes":""},"translation":{"provider":"WPGlobus","version":"2.12.2","language":"en","enabled_languages":["cz","en"],"languages":{"cz":{"title":true,"content":true,"excerpt":false},"en":{"title":true,"content":true,"excerpt":false}}},"yoast_head":"<!-- This site is optimized with the Yoast SEO plugin v21.7 - https:\/\/yoast.com\/wordpress\/plugins\/seo\/ -->\n<title>Statistika a statistick\u00e9 zpracov\u00e1n\u00ed dat - MATSTAT<\/title>\n<meta name=\"robots\" content=\"index, follow, max-snippet:-1, max-image-preview:large, max-video-preview:-1\" \/>\n<link rel=\"canonical\" href=\"https:\/\/matstat.eu\/statistika-a-zpracovani-dat\/\" \/>\n<meta property=\"og:locale\" content=\"en_US\" \/>\n<meta property=\"og:type\" content=\"article\" \/>\n<meta property=\"og:title\" content=\"Statistics and Data Processing - MATSTAT - Matematick\u00e9 a Statistick\u00e9 Anal\u00fdzy, Software, \u0160kolen\u00ed\" \/>\n<meta property=\"og:url\" content=\"https:\/\/matstat.eu\/statistika-a-zpracovani-dat\/\" \/>\n<meta property=\"og:site_name\" content=\"MATSTAT - Matematick\u00e9 a Statistick\u00e9 Anal\u00fdzy, Software, \u0160kolen\u00ed\" \/>\n<meta property=\"article:modified_time\" content=\"2015-10-16T08:00:42+00:00\" \/>\n<meta property=\"og:image\" content=\"http:\/\/matstat.eu\/wp-content\/uploads\/2015\/09\/sloder5.jpg\" \/>\n<meta name=\"twitter:label1\" content=\"Est. reading time\" \/>\n\t<meta name=\"twitter:data1\" content=\"3 minutes\" \/>\n<script type=\"application\/ld+json\" class=\"yoast-schema-graph\">{\"@context\":\"https:\/\/schema.org\",\"@graph\":[{\"@type\":\"WebPage\",\"@id\":\"https:\/\/matstat.eu\/statistika-a-zpracovani-dat\/\",\"url\":\"https:\/\/matstat.eu\/statistika-a-zpracovani-dat\/\",\"name\":\"Statistika a statistick\u00e9 zpracov\u00e1n\u00ed dat - MATSTAT\",\"isPartOf\":{\"@id\":\"https:\/\/matstat.eu\/#website\"},\"datePublished\":\"2015-09-22T13:07:53+00:00\",\"dateModified\":\"2015-10-16T08:00:42+00:00\",\"description\":\"Statistika a zpracov\u00e1n\u00ed dat v r\u00e1mci komer\u010dn\u00edch projekt\u016f, v\u011bdeck\u00fdch projekt\u016f a klinick\u00fdch studi\u00ed.\",\"breadcrumb\":{\"@id\":\"https:\/\/matstat.eu\/statistika-a-zpracovani-dat\/#breadcrumb\"},\"inLanguage\":\"en-US\",\"potentialAction\":[{\"@type\":\"ReadAction\",\"target\":[\"https:\/\/matstat.eu\/statistika-a-zpracovani-dat\/\"]}]},{\"@type\":\"BreadcrumbList\",\"@id\":\"https:\/\/matstat.eu\/statistika-a-zpracovani-dat\/#breadcrumb\",\"itemListElement\":[{\"@type\":\"ListItem\",\"position\":1,\"name\":\"Home\",\"item\":\"https:\/\/matstat.eu\/\"},{\"@type\":\"ListItem\",\"position\":2,\"name\":\"Statistika a zpracov\u00e1n\u00ed dat\"}]},{\"@type\":\"WebSite\",\"@id\":\"https:\/\/matstat.eu\/#website\",\"url\":\"https:\/\/matstat.eu\/\",\"name\":\"MATSTAT - Matematick\u00e9 a Statistick\u00e9 Anal\u00fdzy, Software, \u0160kolen\u00ed\",\"description\":\"MATSTAT s.r.o. se orientuje na vyu\u017eit\u00ed matematick\u00fdch a statistick\u00fdch metod v praktick\u00e9m \u017eivot\u011b.\",\"potentialAction\":[{\"@type\":\"SearchAction\",\"target\":{\"@type\":\"EntryPoint\",\"urlTemplate\":\"https:\/\/matstat.eu\/?s={search_term_string}\"},\"query-input\":\"required name=search_term_string\"}],\"inLanguage\":\"en-US\"}]}<\/script>\n<!-- \/ Yoast SEO plugin. -->","yoast_head_json":{"title":"Statistika a statistick\u00e9 zpracov\u00e1n\u00ed dat - MATSTAT","robots":{"index":"index","follow":"follow","max-snippet":"max-snippet:-1","max-image-preview":"max-image-preview:large","max-video-preview":"max-video-preview:-1"},"canonical":"https:\/\/matstat.eu\/statistika-a-zpracovani-dat\/","og_locale":"en_US","og_type":"article","og_title":"Statistics and Data Processing - MATSTAT - Matematick\u00e9 a Statistick\u00e9 Anal\u00fdzy, Software, \u0160kolen\u00ed","og_url":"https:\/\/matstat.eu\/statistika-a-zpracovani-dat\/","og_site_name":"MATSTAT - Matematick\u00e9 a Statistick\u00e9 Anal\u00fdzy, Software, \u0160kolen\u00ed","article_modified_time":"2015-10-16T08:00:42+00:00","og_image":[{"url":"http:\/\/matstat.eu\/wp-content\/uploads\/2015\/09\/sloder5.jpg"}],"twitter_misc":{"Est. reading time":"3 minutes"},"schema":{"@context":"https:\/\/schema.org","@graph":[{"@type":"WebPage","@id":"https:\/\/matstat.eu\/statistika-a-zpracovani-dat\/","url":"https:\/\/matstat.eu\/statistika-a-zpracovani-dat\/","name":"Statistika a statistick\u00e9 zpracov\u00e1n\u00ed dat - MATSTAT","isPartOf":{"@id":"https:\/\/matstat.eu\/#website"},"datePublished":"2015-09-22T13:07:53+00:00","dateModified":"2015-10-16T08:00:42+00:00","description":"Statistika a zpracov\u00e1n\u00ed dat v r\u00e1mci komer\u010dn\u00edch projekt\u016f, v\u011bdeck\u00fdch projekt\u016f a klinick\u00fdch studi\u00ed.","breadcrumb":{"@id":"https:\/\/matstat.eu\/statistika-a-zpracovani-dat\/#breadcrumb"},"inLanguage":"en-US","potentialAction":[{"@type":"ReadAction","target":["https:\/\/matstat.eu\/statistika-a-zpracovani-dat\/"]}]},{"@type":"BreadcrumbList","@id":"https:\/\/matstat.eu\/statistika-a-zpracovani-dat\/#breadcrumb","itemListElement":[{"@type":"ListItem","position":1,"name":"Home","item":"https:\/\/matstat.eu\/"},{"@type":"ListItem","position":2,"name":"Statistika a zpracov\u00e1n\u00ed dat"}]},{"@type":"WebSite","@id":"https:\/\/matstat.eu\/#website","url":"https:\/\/matstat.eu\/","name":"MATSTAT - Matematick\u00e9 a Statistick\u00e9 Anal\u00fdzy, Software, \u0160kolen\u00ed","description":"MATSTAT s.r.o. se orientuje na vyu\u017eit\u00ed matematick\u00fdch a statistick\u00fdch metod v praktick\u00e9m \u017eivot\u011b.","potentialAction":[{"@type":"SearchAction","target":{"@type":"EntryPoint","urlTemplate":"https:\/\/matstat.eu\/?s={search_term_string}"},"query-input":"required name=search_term_string"}],"inLanguage":"en-US"}]}},"_links":{"self":[{"href":"https:\/\/matstat.eu\/en\/wp-json\/wp\/v2\/pages\/1161"}],"collection":[{"href":"https:\/\/matstat.eu\/en\/wp-json\/wp\/v2\/pages"}],"about":[{"href":"https:\/\/matstat.eu\/en\/wp-json\/wp\/v2\/types\/page"}],"author":[{"embeddable":true,"href":"https:\/\/matstat.eu\/en\/wp-json\/wp\/v2\/users\/1"}],"replies":[{"embeddable":true,"href":"https:\/\/matstat.eu\/en\/wp-json\/wp\/v2\/comments?post=1161"}],"version-history":[{"count":0,"href":"https:\/\/matstat.eu\/en\/wp-json\/wp\/v2\/pages\/1161\/revisions"}],"wp:attachment":[{"href":"https:\/\/matstat.eu\/en\/wp-json\/wp\/v2\/media?parent=1161"}],"curies":[{"name":"wp","href":"https:\/\/api.w.org\/{rel}","templated":true}]}}