{"id":1164,"date":"2015-09-22T15:08:17","date_gmt":"2015-09-22T13:08:17","guid":{"rendered":"http:\/\/matstat.eu\/?page_id=1164"},"modified":"2015-10-16T09:56:12","modified_gmt":"2015-10-16T07:56:12","slug":"matematicke-modely-a-optimalizace","status":"publish","type":"page","link":"https:\/\/matstat.eu\/en\/matematicke-modely-a-optimalizace\/","title":{"rendered":"Mathematical Models and Optimisation"},"content":{"rendered":"<p><img loading=\"lazy\" decoding=\"async\" class=\"alignright size-full wp-image-1281\" src=\"http:\/\/matstat.eu\/wp-content\/uploads\/2015\/09\/sloder2.jpg\" alt=\"sloder2\" width=\"450\" height=\"400\" srcset=\"https:\/\/matstat.eu\/wp-content\/uploads\/2015\/09\/sloder2.jpg 450w, https:\/\/matstat.eu\/wp-content\/uploads\/2015\/09\/sloder2-300x267.jpg 300w\" sizes=\"(max-width: 450px) 100vw, 450px\" \/>Many practical problems in your company that you did not even expect to be soluble can be solved using mathematical models and optimisation. Solutions of such problems often bring great savings and increase in efficiency.<\/p>\n<ul>\n<li><strong>Forecasting models<\/strong> for price estimations<\/li>\n<li>Optimisation of <strong>company processes<\/strong><\/li>\n<li>Optimisation of <strong>workforce management<\/strong><\/li>\n<li>Searching for <strong>inefficiencies and losses<\/strong> in your company<\/li>\n<li>Mathematical <strong>consultations for companies<\/strong><\/li>\n<li><strong>Production of corresponding software<\/strong> based on the found results<\/li>\n<\/ul>\n<p><strong>Who are our services designed for?<\/strong> All companies that need to optimise their company processes using complicated mathematical methods and are at a loss how to do it.<\/p>\n<p><strong>What methods do we use?<\/strong> Linear programming, computer simulation, regression analysis, multi-equation models, logistic regression, queuing theory.<\/p>\n<p>&nbsp;<\/p>\n<p class=\"bold\"><strong>We will be happy to meet with you to discuss the possibilities of solving your problems and to take care of other interesting projects.<\/strong><\/p>\n<p>&nbsp;<\/p>\n","protected":false},"excerpt":{"rendered":"<p>Many practical problems in your company that you did not even expect to be soluble can be solved using mathematical models and optimisation. Solutions of such problems often bring great savings and increase in efficiency. Forecasting models for price estimations Optimisation of company processes Optimisation of workforce management Searching for inefficiencies and losses in your&#8230;<\/p>\n","protected":false},"author":1,"featured_media":0,"parent":0,"menu_order":3,"comment_status":"closed","ping_status":"closed","template":"","meta":{"footnotes":""},"translation":{"provider":"WPGlobus","version":"2.12.2","language":"en","enabled_languages":["cz","en"],"languages":{"cz":{"title":true,"content":true,"excerpt":false},"en":{"title":true,"content":true,"excerpt":false}}},"yoast_head":"<!-- This site is optimized with the Yoast SEO plugin v21.7 - https:\/\/yoast.com\/wordpress\/plugins\/seo\/ -->\n<title>Mathematical Models and Optimisation - MATSTAT - Matematick\u00e9 a Statistick\u00e9 Anal\u00fdzy, Software, \u0160kolen\u00ed<\/title>\n<meta name=\"robots\" content=\"index, follow, max-snippet:-1, max-image-preview:large, max-video-preview:-1\" \/>\n<link rel=\"canonical\" href=\"https:\/\/matstat.eu\/matematicke-modely-a-optimalizace\/\" \/>\n<meta property=\"og:locale\" content=\"en_US\" \/>\n<meta property=\"og:type\" content=\"article\" \/>\n<meta property=\"og:title\" content=\"Mathematical Models and Optimisation - MATSTAT - Matematick\u00e9 a Statistick\u00e9 Anal\u00fdzy, Software, \u0160kolen\u00ed\" \/>\n<meta property=\"og:url\" content=\"https:\/\/matstat.eu\/matematicke-modely-a-optimalizace\/\" \/>\n<meta property=\"og:site_name\" content=\"MATSTAT - Matematick\u00e9 a Statistick\u00e9 Anal\u00fdzy, Software, \u0160kolen\u00ed\" \/>\n<meta property=\"article:modified_time\" content=\"2015-10-16T07:56:12+00:00\" \/>\n<meta property=\"og:image\" content=\"http:\/\/matstat.eu\/wp-content\/uploads\/2015\/09\/sloder2.jpg\" \/>\n<meta name=\"twitter:label1\" content=\"Est. reading time\" \/>\n\t<meta name=\"twitter:data1\" content=\"2 minutes\" \/>\n<script type=\"application\/ld+json\" class=\"yoast-schema-graph\">{\"@context\":\"https:\/\/schema.org\",\"@graph\":[{\"@type\":\"WebPage\",\"@id\":\"https:\/\/matstat.eu\/matematicke-modely-a-optimalizace\/\",\"url\":\"https:\/\/matstat.eu\/matematicke-modely-a-optimalizace\/\",\"name\":\"Mathematical Models and Optimisation - MATSTAT - Matematick\u00e9 a Statistick\u00e9 Anal\u00fdzy, Software, \u0160kolen\u00ed\",\"isPartOf\":{\"@id\":\"https:\/\/matstat.eu\/#website\"},\"datePublished\":\"2015-09-22T13:08:17+00:00\",\"dateModified\":\"2015-10-16T07:56:12+00:00\",\"description\":\"Matematick\u00e9 modely a optimalizace pro firmy.\",\"breadcrumb\":{\"@id\":\"https:\/\/matstat.eu\/matematicke-modely-a-optimalizace\/#breadcrumb\"},\"inLanguage\":\"en-US\",\"potentialAction\":[{\"@type\":\"ReadAction\",\"target\":[\"https:\/\/matstat.eu\/matematicke-modely-a-optimalizace\/\"]}]},{\"@type\":\"BreadcrumbList\",\"@id\":\"https:\/\/matstat.eu\/matematicke-modely-a-optimalizace\/#breadcrumb\",\"itemListElement\":[{\"@type\":\"ListItem\",\"position\":1,\"name\":\"Home\",\"item\":\"https:\/\/matstat.eu\/\"},{\"@type\":\"ListItem\",\"position\":2,\"name\":\"Matematick\u00e9 modely a optimalizace\"}]},{\"@type\":\"WebSite\",\"@id\":\"https:\/\/matstat.eu\/#website\",\"url\":\"https:\/\/matstat.eu\/\",\"name\":\"MATSTAT - Matematick\u00e9 a Statistick\u00e9 Anal\u00fdzy, Software, \u0160kolen\u00ed\",\"description\":\"MATSTAT s.r.o. se orientuje na vyu\u017eit\u00ed matematick\u00fdch a statistick\u00fdch metod v praktick\u00e9m \u017eivot\u011b.\",\"potentialAction\":[{\"@type\":\"SearchAction\",\"target\":{\"@type\":\"EntryPoint\",\"urlTemplate\":\"https:\/\/matstat.eu\/?s={search_term_string}\"},\"query-input\":\"required name=search_term_string\"}],\"inLanguage\":\"en-US\"}]}<\/script>\n<!-- \/ Yoast SEO plugin. -->","yoast_head_json":{"title":"Mathematical Models and Optimisation - MATSTAT - Matematick\u00e9 a Statistick\u00e9 Anal\u00fdzy, Software, \u0160kolen\u00ed","robots":{"index":"index","follow":"follow","max-snippet":"max-snippet:-1","max-image-preview":"max-image-preview:large","max-video-preview":"max-video-preview:-1"},"canonical":"https:\/\/matstat.eu\/matematicke-modely-a-optimalizace\/","og_locale":"en_US","og_type":"article","og_title":"Mathematical Models and Optimisation - MATSTAT - Matematick\u00e9 a Statistick\u00e9 Anal\u00fdzy, Software, \u0160kolen\u00ed","og_url":"https:\/\/matstat.eu\/matematicke-modely-a-optimalizace\/","og_site_name":"MATSTAT - Matematick\u00e9 a Statistick\u00e9 Anal\u00fdzy, Software, \u0160kolen\u00ed","article_modified_time":"2015-10-16T07:56:12+00:00","og_image":[{"url":"http:\/\/matstat.eu\/wp-content\/uploads\/2015\/09\/sloder2.jpg"}],"twitter_misc":{"Est. reading time":"2 minutes"},"schema":{"@context":"https:\/\/schema.org","@graph":[{"@type":"WebPage","@id":"https:\/\/matstat.eu\/matematicke-modely-a-optimalizace\/","url":"https:\/\/matstat.eu\/matematicke-modely-a-optimalizace\/","name":"Mathematical Models and Optimisation - MATSTAT - Matematick\u00e9 a Statistick\u00e9 Anal\u00fdzy, Software, \u0160kolen\u00ed","isPartOf":{"@id":"https:\/\/matstat.eu\/#website"},"datePublished":"2015-09-22T13:08:17+00:00","dateModified":"2015-10-16T07:56:12+00:00","description":"Matematick\u00e9 modely a optimalizace pro firmy.","breadcrumb":{"@id":"https:\/\/matstat.eu\/matematicke-modely-a-optimalizace\/#breadcrumb"},"inLanguage":"en-US","potentialAction":[{"@type":"ReadAction","target":["https:\/\/matstat.eu\/matematicke-modely-a-optimalizace\/"]}]},{"@type":"BreadcrumbList","@id":"https:\/\/matstat.eu\/matematicke-modely-a-optimalizace\/#breadcrumb","itemListElement":[{"@type":"ListItem","position":1,"name":"Home","item":"https:\/\/matstat.eu\/"},{"@type":"ListItem","position":2,"name":"Matematick\u00e9 modely a optimalizace"}]},{"@type":"WebSite","@id":"https:\/\/matstat.eu\/#website","url":"https:\/\/matstat.eu\/","name":"MATSTAT - Matematick\u00e9 a Statistick\u00e9 Anal\u00fdzy, Software, \u0160kolen\u00ed","description":"MATSTAT s.r.o. se orientuje na vyu\u017eit\u00ed matematick\u00fdch a statistick\u00fdch metod v praktick\u00e9m \u017eivot\u011b.","potentialAction":[{"@type":"SearchAction","target":{"@type":"EntryPoint","urlTemplate":"https:\/\/matstat.eu\/?s={search_term_string}"},"query-input":"required name=search_term_string"}],"inLanguage":"en-US"}]}},"_links":{"self":[{"href":"https:\/\/matstat.eu\/en\/wp-json\/wp\/v2\/pages\/1164"}],"collection":[{"href":"https:\/\/matstat.eu\/en\/wp-json\/wp\/v2\/pages"}],"about":[{"href":"https:\/\/matstat.eu\/en\/wp-json\/wp\/v2\/types\/page"}],"author":[{"embeddable":true,"href":"https:\/\/matstat.eu\/en\/wp-json\/wp\/v2\/users\/1"}],"replies":[{"embeddable":true,"href":"https:\/\/matstat.eu\/en\/wp-json\/wp\/v2\/comments?post=1164"}],"version-history":[{"count":0,"href":"https:\/\/matstat.eu\/en\/wp-json\/wp\/v2\/pages\/1164\/revisions"}],"wp:attachment":[{"href":"https:\/\/matstat.eu\/en\/wp-json\/wp\/v2\/media?parent=1164"}],"curies":[{"name":"wp","href":"https:\/\/api.w.org\/{rel}","templated":true}]}}