{"id":1170,"date":"2015-09-22T15:09:02","date_gmt":"2015-09-22T13:09:02","guid":{"rendered":"http:\/\/matstat.eu\/?page_id=1170"},"modified":"2015-10-16T10:04:06","modified_gmt":"2015-10-16T08:04:06","slug":"data-mining","status":"publish","type":"page","link":"https:\/\/matstat.eu\/en\/data-mining\/","title":{"rendered":"Data Mining"},"content":{"rendered":"<p><img loading=\"lazy\" decoding=\"async\" class=\"alignright size-full wp-image-1283\" src=\"http:\/\/matstat.eu\/wp-content\/uploads\/2015\/09\/sloder4.jpg\" alt=\"sloder4\" width=\"450\" height=\"400\" srcset=\"https:\/\/matstat.eu\/wp-content\/uploads\/2015\/09\/sloder4.jpg 450w, https:\/\/matstat.eu\/wp-content\/uploads\/2015\/09\/sloder4-300x267.jpg 300w\" sizes=\"(max-width: 450px) 100vw, 450px\" \/>It is often a pity when interesting data lie idle in the company or when such data is only processed by creating several charts and graphs in Excel. Data mining is a process of obtaining interesting but up to this point unknown information from your data.<\/p>\n<ul>\n<li>Emphasis on <strong>practical commercial use<\/strong> of our data mining findings by the client<\/li>\n<li>Good knowledge of the <strong>marketing background of the project<\/strong> within <strong>data mining<\/strong><\/li>\n<li>De-duplication and data scrubbing \u2013 processing your data for better use in data mining<\/li>\n<li>Customer segmentation \u2013 classification of customers into homogenous groups according to their purchasing behaviour<\/li>\n<li>Shopping basket analysis \u2013 we will find out what products customers buy together<\/li>\n<li>Customer value analysis \u2013 each customer is assigned a value expressing their anticipated future profitability<\/li>\n<\/ul>\n<p>The methods we use also include: <strong>decision trees, logistic regression, factor analysis, correspondence analysis, neural networks, correlations, time series<\/strong>.<\/p>\n<p><strong>Who are our data mining services designed for?<\/strong> All companies that collect data through their company processes and need to get as much information from the data as possible. Furthermore, companies that want to know the needs of their customers and that want to be able to optimally target their marketing communication on the customer.<\/p>\n<p>&nbsp;<\/p>\n<p class=\"bold\"><strong>We will be happy to meet with you to discuss the possibilities of solving your problems and to take care of other interesting projects.<\/strong><\/p>\n<p>&nbsp;<\/p>\n","protected":false},"excerpt":{"rendered":"<p>It is often a pity when interesting data lie idle in the company or when such data is only processed by creating several charts and graphs in Excel. Data mining is a process of obtaining interesting but up to this point unknown information from your data. Emphasis on practical commercial use of our data mining&#8230;<\/p>\n","protected":false},"author":1,"featured_media":0,"parent":0,"menu_order":5,"comment_status":"closed","ping_status":"closed","template":"","meta":{"footnotes":""},"translation":{"provider":"WPGlobus","version":"2.12.2","language":"en","enabled_languages":["cz","en"],"languages":{"cz":{"title":true,"content":true,"excerpt":false},"en":{"title":true,"content":true,"excerpt":false}}},"yoast_head":"<!-- This site is optimized with the Yoast SEO plugin v21.7 - https:\/\/yoast.com\/wordpress\/plugins\/seo\/ -->\n<title>Data mining - MATSTAT<\/title>\n<meta name=\"robots\" content=\"index, follow, max-snippet:-1, max-image-preview:large, max-video-preview:-1\" \/>\n<link rel=\"canonical\" href=\"https:\/\/matstat.eu\/data-mining\/\" \/>\n<meta property=\"og:locale\" content=\"en_US\" \/>\n<meta property=\"og:type\" content=\"article\" \/>\n<meta property=\"og:title\" content=\"Data Mining - MATSTAT - Matematick\u00e9 a Statistick\u00e9 Anal\u00fdzy, Software, \u0160kolen\u00ed\" \/>\n<meta property=\"og:url\" content=\"https:\/\/matstat.eu\/data-mining\/\" \/>\n<meta property=\"og:site_name\" content=\"MATSTAT - Matematick\u00e9 a Statistick\u00e9 Anal\u00fdzy, Software, \u0160kolen\u00ed\" \/>\n<meta property=\"article:modified_time\" content=\"2015-10-16T08:04:06+00:00\" \/>\n<meta property=\"og:image\" content=\"http:\/\/matstat.eu\/wp-content\/uploads\/2015\/09\/sloder4.jpg\" \/>\n<meta name=\"twitter:label1\" content=\"Est. reading time\" \/>\n\t<meta name=\"twitter:data1\" content=\"3 minutes\" \/>\n<script type=\"application\/ld+json\" class=\"yoast-schema-graph\">{\"@context\":\"https:\/\/schema.org\",\"@graph\":[{\"@type\":\"WebPage\",\"@id\":\"https:\/\/matstat.eu\/data-mining\/\",\"url\":\"https:\/\/matstat.eu\/data-mining\/\",\"name\":\"Data mining - MATSTAT\",\"isPartOf\":{\"@id\":\"https:\/\/matstat.eu\/#website\"},\"datePublished\":\"2015-09-22T13:09:02+00:00\",\"dateModified\":\"2015-10-16T08:04:06+00:00\",\"description\":\"Data mining - z\u00edsk\u00e1v\u00e1me pro v\u00e1s z dat d\u016fle\u017eit\u00e9 informace, kter\u00e9 by jinak z\u016fstaly v datech skryty.\",\"breadcrumb\":{\"@id\":\"https:\/\/matstat.eu\/data-mining\/#breadcrumb\"},\"inLanguage\":\"en-US\",\"potentialAction\":[{\"@type\":\"ReadAction\",\"target\":[\"https:\/\/matstat.eu\/data-mining\/\"]}]},{\"@type\":\"BreadcrumbList\",\"@id\":\"https:\/\/matstat.eu\/data-mining\/#breadcrumb\",\"itemListElement\":[{\"@type\":\"ListItem\",\"position\":1,\"name\":\"Home\",\"item\":\"https:\/\/matstat.eu\/\"},{\"@type\":\"ListItem\",\"position\":2,\"name\":\"Data mining\"}]},{\"@type\":\"WebSite\",\"@id\":\"https:\/\/matstat.eu\/#website\",\"url\":\"https:\/\/matstat.eu\/\",\"name\":\"MATSTAT - Matematick\u00e9 a Statistick\u00e9 Anal\u00fdzy, Software, \u0160kolen\u00ed\",\"description\":\"MATSTAT s.r.o. se orientuje na vyu\u017eit\u00ed matematick\u00fdch a statistick\u00fdch metod v praktick\u00e9m \u017eivot\u011b.\",\"potentialAction\":[{\"@type\":\"SearchAction\",\"target\":{\"@type\":\"EntryPoint\",\"urlTemplate\":\"https:\/\/matstat.eu\/?s={search_term_string}\"},\"query-input\":\"required name=search_term_string\"}],\"inLanguage\":\"en-US\"}]}<\/script>\n<!-- \/ Yoast SEO plugin. -->","yoast_head_json":{"title":"Data mining - MATSTAT","robots":{"index":"index","follow":"follow","max-snippet":"max-snippet:-1","max-image-preview":"max-image-preview:large","max-video-preview":"max-video-preview:-1"},"canonical":"https:\/\/matstat.eu\/data-mining\/","og_locale":"en_US","og_type":"article","og_title":"Data Mining - MATSTAT - Matematick\u00e9 a Statistick\u00e9 Anal\u00fdzy, Software, \u0160kolen\u00ed","og_url":"https:\/\/matstat.eu\/data-mining\/","og_site_name":"MATSTAT - Matematick\u00e9 a Statistick\u00e9 Anal\u00fdzy, Software, \u0160kolen\u00ed","article_modified_time":"2015-10-16T08:04:06+00:00","og_image":[{"url":"http:\/\/matstat.eu\/wp-content\/uploads\/2015\/09\/sloder4.jpg"}],"twitter_misc":{"Est. reading time":"3 minutes"},"schema":{"@context":"https:\/\/schema.org","@graph":[{"@type":"WebPage","@id":"https:\/\/matstat.eu\/data-mining\/","url":"https:\/\/matstat.eu\/data-mining\/","name":"Data mining - MATSTAT","isPartOf":{"@id":"https:\/\/matstat.eu\/#website"},"datePublished":"2015-09-22T13:09:02+00:00","dateModified":"2015-10-16T08:04:06+00:00","description":"Data mining - z\u00edsk\u00e1v\u00e1me pro v\u00e1s z dat d\u016fle\u017eit\u00e9 informace, kter\u00e9 by jinak z\u016fstaly v datech skryty.","breadcrumb":{"@id":"https:\/\/matstat.eu\/data-mining\/#breadcrumb"},"inLanguage":"en-US","potentialAction":[{"@type":"ReadAction","target":["https:\/\/matstat.eu\/data-mining\/"]}]},{"@type":"BreadcrumbList","@id":"https:\/\/matstat.eu\/data-mining\/#breadcrumb","itemListElement":[{"@type":"ListItem","position":1,"name":"Home","item":"https:\/\/matstat.eu\/"},{"@type":"ListItem","position":2,"name":"Data mining"}]},{"@type":"WebSite","@id":"https:\/\/matstat.eu\/#website","url":"https:\/\/matstat.eu\/","name":"MATSTAT - Matematick\u00e9 a Statistick\u00e9 Anal\u00fdzy, Software, \u0160kolen\u00ed","description":"MATSTAT s.r.o. se orientuje na vyu\u017eit\u00ed matematick\u00fdch a statistick\u00fdch metod v praktick\u00e9m \u017eivot\u011b.","potentialAction":[{"@type":"SearchAction","target":{"@type":"EntryPoint","urlTemplate":"https:\/\/matstat.eu\/?s={search_term_string}"},"query-input":"required name=search_term_string"}],"inLanguage":"en-US"}]}},"_links":{"self":[{"href":"https:\/\/matstat.eu\/en\/wp-json\/wp\/v2\/pages\/1170"}],"collection":[{"href":"https:\/\/matstat.eu\/en\/wp-json\/wp\/v2\/pages"}],"about":[{"href":"https:\/\/matstat.eu\/en\/wp-json\/wp\/v2\/types\/page"}],"author":[{"embeddable":true,"href":"https:\/\/matstat.eu\/en\/wp-json\/wp\/v2\/users\/1"}],"replies":[{"embeddable":true,"href":"https:\/\/matstat.eu\/en\/wp-json\/wp\/v2\/comments?post=1170"}],"version-history":[{"count":0,"href":"https:\/\/matstat.eu\/en\/wp-json\/wp\/v2\/pages\/1170\/revisions"}],"wp:attachment":[{"href":"https:\/\/matstat.eu\/en\/wp-json\/wp\/v2\/media?parent=1170"}],"curies":[{"name":"wp","href":"https:\/\/api.w.org\/{rel}","templated":true}]}}